{"id":76,"date":"2024-11-17T16:31:48","date_gmt":"2024-11-17T16:31:48","guid":{"rendered":"https:\/\/amine.abied.fr\/?page_id=76"},"modified":"2026-01-25T16:14:18","modified_gmt":"2026-01-25T16:14:18","slug":"home","status":"publish","type":"page","link":"https:\/\/amine.abied.fr\/","title":{"rendered":"Home"},"content":{"rendered":"\n<div class=\"wp-block-cover alignfull has-parallax\"><div class=\"wp-block-cover__image-background wp-image-193 size-large has-parallax\" style=\"background-position:50% 50%;background-image:url(https:\/\/amine.abied.fr\/wp-content\/uploads\/2025\/09\/background-1024x683.jpg)\"><\/div><span aria-hidden=\"true\" class=\"wp-block-cover__background has-background-dim\" style=\"background-color:#0b0c06\"><\/span><div class=\"wp-block-cover__inner-container is-layout-constrained wp-block-cover-is-layout-constrained\">\n<div style=\"height:140px\" aria-hidden=\"true\" class=\"wp-block-spacer\"><\/div>\n\n\n\n<p class=\"has-text-align-left has-ast-global-color-5-color has-text-color has-link-color wp-elements-8544a180454603bd20dcd89565b2bf54\" style=\"font-size:7vh\"><strong>Hi it&#8217;s me \ud83d\udc4b<\/strong><\/p>\n\n\n\n<div class=\"wp-block-group has-ast-global-color-5-color has-text-color has-link-color wp-elements-d83f07f5567a5d3b2dfbc444db682c7b is-layout-flow wp-block-group-is-layout-flow\" style=\"padding-right:0;padding-left:0\">\n<h2 class=\"wp-block-heading alignwide has-text-align-center has-ast-global-color-5-color has-text-color has-link-color has-x-large-font-size wp-elements-3705d753154d022a984634b7fe0f36c6\" style=\"border-width:0.3vw;border-top-left-radius:13px;border-top-right-radius:13px;border-bottom-left-radius:13px;border-bottom-right-radius:13px;font-style:normal;font-weight:800;letter-spacing:6vw\"><strong>ABIED<\/strong><\/h2>\n<\/div>\n\n\n\n<div style=\"height:140px\" aria-hidden=\"true\" class=\"wp-block-spacer\"><\/div>\n<\/div><\/div>\n\n\n\n<div style=\"height:140px\" aria-hidden=\"true\" class=\"wp-block-spacer\"><\/div>\n\n\n\n<hr class=\"wp-block-separator has-text-color has-ast-global-color-0-color has-alpha-channel-opacity has-ast-global-color-0-background-color has-background is-style-default\" style=\"margin-top:var(--wp--preset--spacing--40);margin-bottom:var(--wp--preset--spacing--40)\"\/>\n\n\n\n<h2 class=\"wp-block-heading has-text-align-center\" style=\"font-size:5vh\">I have experiences in : <\/h2>\n\n\n\n<div class=\"wp-block-columns is-layout-flex wp-container-core-columns-is-layout-28f84493 wp-block-columns-is-layout-flex\">\n<div class=\"wp-block-column is-layout-flow wp-block-column-is-layout-flow\">\n<figure class=\"wp-block-image size-large\"><a href=\"https:\/\/wordpress.com\/fr\/\"><img loading=\"lazy\" decoding=\"async\" width=\"1024\" height=\"553\" src=\"https:\/\/amine.abied.fr\/wp-content\/uploads\/2024\/11\/WordPress-logotype-alternative-1024x553.png\" alt=\"\" class=\"wp-image-85\" srcset=\"https:\/\/amine.abied.fr\/wp-content\/uploads\/2024\/11\/WordPress-logotype-alternative-1024x553.png 1024w, https:\/\/amine.abied.fr\/wp-content\/uploads\/2024\/11\/WordPress-logotype-alternative-300x162.png 300w, https:\/\/amine.abied.fr\/wp-content\/uploads\/2024\/11\/WordPress-logotype-alternative-768x415.png 768w, https:\/\/amine.abied.fr\/wp-content\/uploads\/2024\/11\/WordPress-logotype-alternative-1536x829.png 1536w, https:\/\/amine.abied.fr\/wp-content\/uploads\/2024\/11\/WordPress-logotype-alternative.png 2000w\" sizes=\"auto, (max-width: 1024px) 100vw, 1024px\" \/><\/a><\/figure>\n<\/div>\n\n\n\n<div class=\"wp-block-column is-layout-flow wp-block-column-is-layout-flow\">\n<figure class=\"wp-block-image aligncenter size-large is-resized\"><img loading=\"lazy\" decoding=\"async\" width=\"1024\" height=\"635\" src=\"https:\/\/amine.abied.fr\/wp-content\/uploads\/2024\/11\/Inkscape_Logo_full-1024x635.png\" alt=\"\" class=\"wp-image-86\" style=\"width:303px;height:auto\" srcset=\"https:\/\/amine.abied.fr\/wp-content\/uploads\/2024\/11\/Inkscape_Logo_full-1024x635.png 1024w, https:\/\/amine.abied.fr\/wp-content\/uploads\/2024\/11\/Inkscape_Logo_full-300x186.png 300w, https:\/\/amine.abied.fr\/wp-content\/uploads\/2024\/11\/Inkscape_Logo_full-768x476.png 768w, https:\/\/amine.abied.fr\/wp-content\/uploads\/2024\/11\/Inkscape_Logo_full-1536x952.png 1536w, https:\/\/amine.abied.fr\/wp-content\/uploads\/2024\/11\/Inkscape_Logo_full-2048x1269.png 2048w\" sizes=\"auto, (max-width: 1024px) 100vw, 1024px\" \/><\/figure>\n<\/div>\n\n\n\n<div class=\"wp-block-column is-layout-flow wp-block-column-is-layout-flow\">\n<figure class=\"wp-block-image aligncenter size-large\" style=\"margin-top:2.7rem;margin-bottom:2.7rem\"><a href=\"https:\/\/www.linux.org\/\"><img loading=\"lazy\" decoding=\"async\" width=\"1024\" height=\"352\" src=\"https:\/\/amine.abied.fr\/wp-content\/uploads\/2024\/11\/ffdab2c15b8bb2b41d33d74d7a34580a-1024x352.png\" alt=\"\" class=\"wp-image-88\" srcset=\"https:\/\/amine.abied.fr\/wp-content\/uploads\/2024\/11\/ffdab2c15b8bb2b41d33d74d7a34580a-1024x352.png 1024w, https:\/\/amine.abied.fr\/wp-content\/uploads\/2024\/11\/ffdab2c15b8bb2b41d33d74d7a34580a-300x103.png 300w, https:\/\/amine.abied.fr\/wp-content\/uploads\/2024\/11\/ffdab2c15b8bb2b41d33d74d7a34580a-768x264.png 768w, https:\/\/amine.abied.fr\/wp-content\/uploads\/2024\/11\/ffdab2c15b8bb2b41d33d74d7a34580a-1536x528.png 1536w, https:\/\/amine.abied.fr\/wp-content\/uploads\/2024\/11\/ffdab2c15b8bb2b41d33d74d7a34580a.png 1667w\" sizes=\"auto, (max-width: 1024px) 100vw, 1024px\" \/><\/a><\/figure>\n<\/div>\n<\/div>\n\n\n\n<div style=\"height:140px\" aria-hidden=\"true\" class=\"wp-block-spacer\"><\/div>\n\n\n\n<hr class=\"wp-block-separator has-text-color has-ast-global-color-0-color has-alpha-channel-opacity has-ast-global-color-0-background-color has-background is-style-default\" style=\"margin-top:var(--wp--preset--spacing--40);margin-bottom:var(--wp--preset--spacing--40)\"\/>\n\n\n\n<h2 class=\"wp-block-heading has-text-align-center\" style=\"border-style:none;border-width:0px;margin-top:var(--wp--preset--spacing--50);margin-bottom:var(--wp--preset--spacing--50);font-size:5vh\">I practice :<\/h2>\n\n\n\n<div class=\"wp-block-columns is-layout-flex wp-container-core-columns-is-layout-28f84493 wp-block-columns-is-layout-flex\">\n<div class=\"wp-block-column is-layout-flow wp-block-column-is-layout-flow\">\n<div class=\"wp-block-media-text alignfull is-stacked-on-mobile is-vertically-aligned-center\" style=\"grid-template-columns:63% auto\"><figure class=\"wp-block-media-text__media\"><img loading=\"lazy\" decoding=\"async\" width=\"1024\" height=\"681\" src=\"https:\/\/amine.abied.fr\/wp-content\/uploads\/2025\/09\/boxing-1024x681.jpg\" alt=\"\" class=\"wp-image-182 size-full\" srcset=\"https:\/\/amine.abied.fr\/wp-content\/uploads\/2025\/09\/boxing-1024x681.jpg 1024w, https:\/\/amine.abied.fr\/wp-content\/uploads\/2025\/09\/boxing-300x199.jpg 300w, https:\/\/amine.abied.fr\/wp-content\/uploads\/2025\/09\/boxing-768x510.jpg 768w, https:\/\/amine.abied.fr\/wp-content\/uploads\/2025\/09\/boxing-1536x1021.jpg 1536w, https:\/\/amine.abied.fr\/wp-content\/uploads\/2025\/09\/boxing.jpg 1920w\" sizes=\"auto, (max-width: 1024px) 100vw, 1024px\" \/><\/figure><div class=\"wp-block-media-text__content\">\n<p>I have always been passionate about combat sports. For five years, I dedicated myself to kickboxing, a discipline that helped me develop strength, endurance, and perseverance. This year, I decided to take on a new challenge by switching to boxing. The transition allowed me to refine my technique, focus on precision and strategy, and continue pushing my limits both physically and mentally.<\/p>\n<\/div><\/div>\n<\/div>\n<\/div>\n\n\n\n<div style=\"height:140px\" aria-hidden=\"true\" class=\"wp-block-spacer\"><\/div>\n\n\n\n<div class=\"wp-block-media-text has-media-on-the-right is-stacked-on-mobile is-vertically-aligned-center\" style=\"grid-template-columns:auto 58%\"><div class=\"wp-block-media-text__content\">\n<p>I have 2 years of experience in athletics, specializing in the 100-meter sprint. During this period, I was part of a major team in my country, which gave me the opportunity to develop my performance and compete at a higher level. My journey also includes participating in significant events such as the <a href=\"https:\/\/www.eda.admin.ch\/countries\/morocco\/it\/home\/attualita\/novita.html\/content\/countries\/morocco\/fr\/meta\/news\/2023\/mai\/PeaceRun2023\">Peace Run 2023<\/a>, the <a href=\"https:\/\/www.mirabat.ma\/\">International Marathon of Rabat 2024<\/a>, and the <a href=\"https:\/\/www.mirabat.ma\/\">International Marathon of Rabat 2025<\/a>. Although I have since stopped athletics with my team, it remains an important part of my sporting background.<\/p>\n<\/div><figure class=\"wp-block-media-text__media\"><img loading=\"lazy\" decoding=\"async\" width=\"1024\" height=\"682\" src=\"https:\/\/amine.abied.fr\/wp-content\/uploads\/2025\/09\/marathon-1024x682.jpg\" alt=\"\" class=\"wp-image-183 size-full\" srcset=\"https:\/\/amine.abied.fr\/wp-content\/uploads\/2025\/09\/marathon-1024x682.jpg 1024w, https:\/\/amine.abied.fr\/wp-content\/uploads\/2025\/09\/marathon-300x200.jpg 300w, https:\/\/amine.abied.fr\/wp-content\/uploads\/2025\/09\/marathon-768x511.jpg 768w, https:\/\/amine.abied.fr\/wp-content\/uploads\/2025\/09\/marathon-1536x1022.jpg 1536w, https:\/\/amine.abied.fr\/wp-content\/uploads\/2025\/09\/marathon.jpg 1600w\" sizes=\"auto, (max-width: 1024px) 100vw, 1024px\" \/><\/figure><\/div>\n\n\n\n<div style=\"height:140px\" aria-hidden=\"true\" class=\"wp-block-spacer\"><\/div>\n\n\n\n<hr class=\"wp-block-separator has-text-color has-ast-global-color-0-color has-alpha-channel-opacity has-ast-global-color-0-background-color has-background is-style-default\" style=\"margin-top:var(--wp--preset--spacing--50);margin-bottom:var(--wp--preset--spacing--50)\"\/>\n\n\n\n<h2 class=\"wp-block-heading has-text-align-center\" style=\"border-style:none;border-width:0px;margin-top:var(--wp--preset--spacing--50);margin-bottom:var(--wp--preset--spacing--50);font-size:5vh\">My projects :<\/h2>\n\n\n\n<div style=\"height:54px\" aria-hidden=\"true\" class=\"wp-block-spacer\"><\/div>\n\n\n\n<div class=\"wp-block-media-text is-stacked-on-mobile\"><figure class=\"wp-block-media-text__media\"><img loading=\"lazy\" decoding=\"async\" width=\"1024\" height=\"211\" src=\"https:\/\/amine.abied.fr\/wp-content\/uploads\/2025\/10\/logo_smart_parkingfarabi-2-1024x211.png\" alt=\"\" class=\"wp-image-256 size-full\" srcset=\"https:\/\/amine.abied.fr\/wp-content\/uploads\/2025\/10\/logo_smart_parkingfarabi-2-1024x211.png 1024w, https:\/\/amine.abied.fr\/wp-content\/uploads\/2025\/10\/logo_smart_parkingfarabi-2-300x62.png 300w, https:\/\/amine.abied.fr\/wp-content\/uploads\/2025\/10\/logo_smart_parkingfarabi-2-768x158.png 768w, https:\/\/amine.abied.fr\/wp-content\/uploads\/2025\/10\/logo_smart_parkingfarabi-2-1536x317.png 1536w, https:\/\/amine.abied.fr\/wp-content\/uploads\/2025\/10\/logo_smart_parkingfarabi-2-2048x422.png 2048w\" sizes=\"auto, (max-width: 1024px) 100vw, 1024px\" \/><\/figure><div class=\"wp-block-media-text__content\">\n<p>Le <strong>Smart Parking<\/strong> est un <strong>projet scolaire en cours de d\u00e9veloppement<\/strong>, r\u00e9alis\u00e9 sous l\u2019<strong>encadrement de nos professeur<\/strong>. Il s\u2019agit d\u2019un <strong>syst\u00e8me intelligent<\/strong> capable de <strong>d\u00e9tecter automatiquement les places disponibles<\/strong> gr\u00e2ce \u00e0 une <strong>cam\u00e9ra et un traitement d\u2019image<\/strong>, puis de <strong>guider les conducteurs<\/strong> vers les <strong>emplacements libres<\/strong> via un <strong>\u00e9cran d\u2019affichage<\/strong>.<\/p>\n\n\n\n<div class=\"wp-block-buttons is-content-justification-center is-layout-flex wp-container-core-buttons-is-layout-858a31cd wp-block-buttons-is-layout-flex\" style=\"padding-right:0;padding-left:0\">\n<div class=\"wp-block-button is-style-outline is-style-outline--1\"><a class=\"wp-block-button__link wp-element-button\" href=\"https:\/\/amine.abied.fr\/index.php\/smart-garage\/\" style=\"padding-right:var(--wp--preset--spacing--80);padding-left:var(--wp--preset--spacing--80)\"><strong>Voir le projet<\/strong><\/a><\/div>\n<\/div>\n<\/div><\/div>\n\n\n\n<div style=\"height:54px\" aria-hidden=\"true\" class=\"wp-block-spacer\"><\/div>\n\n\n\n<h2 class=\"wp-block-heading has-text-align-center\">Others :<\/h2>\n\n\n\n<div style=\"height:52px\" aria-hidden=\"true\" class=\"wp-block-spacer\"><\/div>\n\n\n<ul class=\"wp-block-page-list\"><li class=\"wp-block-pages-list__item\"><a class=\"wp-block-pages-list__item__link\" href=\"https:\/\/amine.abied.fr\/index.php\/projets\/bourgeois-gentilhomme\/\">Bourgeois Gentilhomme<\/a><\/li><li class=\"wp-block-pages-list__item\"><a class=\"wp-block-pages-list__item__link\" href=\"https:\/\/amine.abied.fr\/index.php\/projets\/lenergie-solaire\/\">L\u2019energie solaire\u200b<\/a><\/li><li class=\"wp-block-pages-list__item\"><a class=\"wp-block-pages-list__item__link\" href=\"https:\/\/amine.abied.fr\/index.php\/projets\/step-afourer\/\">STEP d&#8217;Afourer<\/a><\/li><li class=\"wp-block-pages-list__item\"><a class=\"wp-block-pages-list__item__link\" href=\"https:\/\/amine.abied.fr\/index.php\/projets\/140-2\/\">Xlinks<\/a><\/li><\/ul>\n\n\n<div class=\"wp-block-buttons is-content-justification-center is-layout-flex wp-container-core-buttons-is-layout-a89b3969 wp-block-buttons-is-layout-flex\">\n<div class=\"wp-block-button is-style-outline is-style-outline--2\"><a class=\"wp-block-button__link wp-element-button\" href=\"https:\/\/amine.abied.fr\/index.php\/projets\/\">See all<\/a><\/div>\n<\/div>\n\n\n\n<div style=\"height:100px\" aria-hidden=\"true\" class=\"wp-block-spacer\"><\/div>\n\n\n\n<div class=\"wp-block-cover alignfull has-parallax\"><div class=\"wp-block-cover__image-background wp-image-219 size-large has-parallax\" style=\"background-position:50% 50%;background-image:url(https:\/\/amine.abied.fr\/wp-content\/uploads\/2025\/09\/background-1-1024x683.jpg)\"><\/div><span aria-hidden=\"true\" class=\"wp-block-cover__background has-background-dim-0 has-background-dim\" style=\"background-color:#0b0c06\"><\/span><div class=\"wp-block-cover__inner-container is-layout-constrained wp-block-cover-is-layout-constrained\">\n<blockquote class=\"wp-block-quote is-style-default has-border-color has-ast-global-color-5-border-color is-layout-flow wp-block-quote-is-layout-flow\">\n<p class=\"has-text-align-left has-ast-global-color-5-color has-text-color has-link-color has-large-font-size wp-elements-f42c7d2e6f7ca5d30547e7def3dbaec5\"><strong><em>Contact me<\/em><\/strong><\/p>\n<\/blockquote>\n\n\n\n<ul class=\"wp-block-social-links aligncenter is-layout-flex wp-block-social-links-is-layout-flex\"><li class=\"wp-social-link wp-social-link-mail  wp-block-social-link\"><a href=\"mailto:a&#109;&#105;n&#101;_a&#098;i&#101;&#100;&#064;&#111;&#117;&#116;&#108;&#111;o&#107;.c&#111;m\" class=\"wp-block-social-link-anchor\"><svg width=\"24\" height=\"24\" viewBox=\"0 0 24 24\" version=\"1.1\" xmlns=\"http:\/\/www.w3.org\/2000\/svg\" aria-hidden=\"true\" focusable=\"false\"><path d=\"M19,5H5c-1.1,0-2,.9-2,2v10c0,1.1.9,2,2,2h14c1.1,0,2-.9,2-2V7c0-1.1-.9-2-2-2zm.5,12c0,.3-.2.5-.5.5H5c-.3,0-.5-.2-.5-.5V9.8l7.5,5.6,7.5-5.6V17zm0-9.1L12,13.6,4.5,7.9V7c0-.3.2-.5.5-.5h14c.3,0,.5.2.5.5v.9z\"><\/path><\/svg><span class=\"wp-block-social-link-label screen-reader-text\">Mail<\/span><\/a><\/li><\/ul>\n<\/div><\/div>\n\n\n\n<p><\/p>\n","protected":false},"excerpt":{"rendered":"<p>I have experiences in : I practice : I have always been passionate about combat sports. For five years, I [&hellip;]<\/p>\n","protected":false},"author":1,"featured_media":0,"parent":0,"menu_order":0,"comment_status":"closed","ping_status":"closed","template":"","meta":{"site-sidebar-layout":"default","site-content-layout":"","ast-site-content-layout":"","site-content-style":"default","site-sidebar-style":"default","ast-global-header-display":"","ast-banner-title-visibility":"","ast-main-header-display":"","ast-hfb-above-header-display":"","ast-hfb-below-header-display":"","ast-hfb-mobile-header-display":"","site-post-title":"disabled","ast-breadcrumbs-content":"","ast-featured-img":"","footer-sml-layout":"","ast-disable-related-posts":"","theme-transparent-header-meta":"","adv-header-id-meta":"","stick-header-meta":"","header-above-stick-meta":"","header-main-stick-meta":"","header-below-stick-meta":"","astra-migrate-meta-layouts":"default","ast-page-background-enabled":"default","ast-page-background-meta":{"desktop":{"background-color":"var(--ast-global-color-4)","background-image":"","background-repeat":"repeat","background-position":"center center","background-size":"auto","background-attachment":"scroll","background-type":"","background-media":"","overlay-type":"","overlay-color":"","overlay-opacity":"","overlay-gradient":""},"tablet":{"background-color":"","background-image":"","background-repeat":"repeat","background-position":"center center","background-size":"auto","background-attachment":"scroll","background-type":"","background-media":"","overlay-type":"","overlay-color":"","overlay-opacity":"","overlay-gradient":""},"mobile":{"background-color":"","background-image":"","background-repeat":"repeat","background-position":"center center","background-size":"auto","background-attachment":"scroll","background-type":"","background-media":"","overlay-type":"","overlay-color":"","overlay-opacity":"","overlay-gradient":""}},"ast-content-background-meta":{"desktop":{"background-color":"var(--ast-global-color-5)","background-image":"","background-repeat":"repeat","background-position":"center center","background-size":"auto","background-attachment":"scroll","background-type":"","background-media":"","overlay-type":"","overlay-color":"","overlay-opacity":"","overlay-gradient":""},"tablet":{"background-color":"var(--ast-global-color-5)","background-image":"","background-repeat":"repeat","background-position":"center center","background-size":"auto","background-attachment":"scroll","background-type":"","background-media":"","overlay-type":"","overlay-color":"","overlay-opacity":"","overlay-gradient":""},"mobile":{"background-color":"var(--ast-global-color-5)","background-image":"","background-repeat":"repeat","background-position":"center center","background-size":"auto","background-attachment":"scroll","background-type":"","background-media":"","overlay-type":"","overlay-color":"","overlay-opacity":"","overlay-gradient":""}},"footnotes":""},"class_list":["post-76","page","type-page","status-publish","hentry"],"yoast_head":"<!-- This site is optimized with the Yoast SEO plugin v27.3 - https:\/\/yoast.com\/product\/yoast-seo-wordpress\/ -->\n<title>Home -<\/title>\n<meta name=\"robots\" content=\"index, follow, max-snippet:-1, max-image-preview:large, max-video-preview:-1\" \/>\n<link rel=\"canonical\" href=\"https:\/\/amine.abied.fr\/\" \/>\n<meta property=\"og:locale\" content=\"en_US\" \/>\n<meta property=\"og:type\" content=\"article\" \/>\n<meta property=\"og:title\" content=\"Home -\" \/>\n<meta property=\"og:description\" content=\"I have experiences in : I practice : I have always been passionate about combat sports. For five years, I [&hellip;]\" \/>\n<meta property=\"og:url\" content=\"https:\/\/amine.abied.fr\/\" \/>\n<meta property=\"article:modified_time\" content=\"2026-01-25T16:14:18+00:00\" \/>\n<meta property=\"og:image\" content=\"https:\/\/amine.abied.fr\/wp-content\/uploads\/2024\/11\/WordPress-logotype-alternative.png\" \/>\n\t<meta property=\"og:image:width\" content=\"2000\" \/>\n\t<meta property=\"og:image:height\" content=\"1080\" \/>\n\t<meta property=\"og:image:type\" content=\"image\/png\" \/>\n<meta name=\"twitter:card\" content=\"summary_large_image\" \/>\n<meta name=\"twitter:label1\" content=\"Est. reading time\" \/>\n\t<meta name=\"twitter:data1\" content=\"3 minutes\" \/>\n<script type=\"application\/ld+json\" class=\"yoast-schema-graph\">{\"@context\":\"https:\\\/\\\/schema.org\",\"@graph\":[{\"@type\":\"WebPage\",\"@id\":\"https:\\\/\\\/amine.abied.fr\\\/\",\"url\":\"https:\\\/\\\/amine.abied.fr\\\/\",\"name\":\"Home -\",\"isPartOf\":{\"@id\":\"https:\\\/\\\/amine.abied.fr\\\/#website\"},\"primaryImageOfPage\":{\"@id\":\"https:\\\/\\\/amine.abied.fr\\\/#primaryimage\"},\"image\":{\"@id\":\"https:\\\/\\\/amine.abied.fr\\\/#primaryimage\"},\"thumbnailUrl\":\"https:\\\/\\\/amine.abied.fr\\\/wp-content\\\/uploads\\\/2024\\\/11\\\/WordPress-logotype-alternative-1024x553.png\",\"datePublished\":\"2024-11-17T16:31:48+00:00\",\"dateModified\":\"2026-01-25T16:14:18+00:00\",\"breadcrumb\":{\"@id\":\"https:\\\/\\\/amine.abied.fr\\\/#breadcrumb\"},\"inLanguage\":\"en-US\",\"potentialAction\":[{\"@type\":\"ReadAction\",\"target\":[\"https:\\\/\\\/amine.abied.fr\\\/\"]}]},{\"@type\":\"ImageObject\",\"inLanguage\":\"en-US\",\"@id\":\"https:\\\/\\\/amine.abied.fr\\\/#primaryimage\",\"url\":\"https:\\\/\\\/amine.abied.fr\\\/wp-content\\\/uploads\\\/2024\\\/11\\\/WordPress-logotype-alternative.png\",\"contentUrl\":\"https:\\\/\\\/amine.abied.fr\\\/wp-content\\\/uploads\\\/2024\\\/11\\\/WordPress-logotype-alternative.png\",\"width\":2000,\"height\":1080},{\"@type\":\"BreadcrumbList\",\"@id\":\"https:\\\/\\\/amine.abied.fr\\\/#breadcrumb\",\"itemListElement\":[{\"@type\":\"ListItem\",\"position\":1,\"name\":\"Home\",\"item\":\"https:\\\/\\\/amine.abied.fr\\\/\"},{\"@type\":\"ListItem\",\"position\":2,\"name\":\"Home\"}]},{\"@type\":\"WebSite\",\"@id\":\"https:\\\/\\\/amine.abied.fr\\\/#website\",\"url\":\"https:\\\/\\\/amine.abied.fr\\\/\",\"name\":\"Amine's website\",\"description\":\"\",\"publisher\":{\"@id\":\"https:\\\/\\\/amine.abied.fr\\\/#\\\/schema\\\/person\\\/08b3a764d17a96c093ccafc58068cfb1\"},\"potentialAction\":[{\"@type\":\"SearchAction\",\"target\":{\"@type\":\"EntryPoint\",\"urlTemplate\":\"https:\\\/\\\/amine.abied.fr\\\/?s={search_term_string}\"},\"query-input\":{\"@type\":\"PropertyValueSpecification\",\"valueRequired\":true,\"valueName\":\"search_term_string\"}}],\"inLanguage\":\"en-US\"},{\"@type\":[\"Person\",\"Organization\"],\"@id\":\"https:\\\/\\\/amine.abied.fr\\\/#\\\/schema\\\/person\\\/08b3a764d17a96c093ccafc58068cfb1\",\"name\":\"amine\",\"image\":{\"@type\":\"ImageObject\",\"inLanguage\":\"en-US\",\"@id\":\"https:\\\/\\\/amine.abied.fr\\\/wp-content\\\/uploads\\\/2024\\\/10\\\/cropped-cropped-amine-logo-white.png\",\"url\":\"https:\\\/\\\/amine.abied.fr\\\/wp-content\\\/uploads\\\/2024\\\/10\\\/cropped-cropped-amine-logo-white.png\",\"contentUrl\":\"https:\\\/\\\/amine.abied.fr\\\/wp-content\\\/uploads\\\/2024\\\/10\\\/cropped-cropped-amine-logo-white.png\",\"width\":1203,\"height\":270,\"caption\":\"amine\"},\"logo\":{\"@id\":\"https:\\\/\\\/amine.abied.fr\\\/wp-content\\\/uploads\\\/2024\\\/10\\\/cropped-cropped-amine-logo-white.png\"},\"sameAs\":[\"https:\\\/\\\/amine.abied.fr\"]}]}<\/script>\n<!-- \/ Yoast SEO plugin. -->","yoast_head_json":{"title":"Home -","robots":{"index":"index","follow":"follow","max-snippet":"max-snippet:-1","max-image-preview":"max-image-preview:large","max-video-preview":"max-video-preview:-1"},"canonical":"https:\/\/amine.abied.fr\/","og_locale":"en_US","og_type":"article","og_title":"Home -","og_description":"I have experiences in : I practice : I have always been passionate about combat sports. For five years, I [&hellip;]","og_url":"https:\/\/amine.abied.fr\/","article_modified_time":"2026-01-25T16:14:18+00:00","og_image":[{"width":2000,"height":1080,"url":"https:\/\/amine.abied.fr\/wp-content\/uploads\/2024\/11\/WordPress-logotype-alternative.png","type":"image\/png"}],"twitter_card":"summary_large_image","twitter_misc":{"Est. reading time":"3 minutes"},"schema":{"@context":"https:\/\/schema.org","@graph":[{"@type":"WebPage","@id":"https:\/\/amine.abied.fr\/","url":"https:\/\/amine.abied.fr\/","name":"Home -","isPartOf":{"@id":"https:\/\/amine.abied.fr\/#website"},"primaryImageOfPage":{"@id":"https:\/\/amine.abied.fr\/#primaryimage"},"image":{"@id":"https:\/\/amine.abied.fr\/#primaryimage"},"thumbnailUrl":"https:\/\/amine.abied.fr\/wp-content\/uploads\/2024\/11\/WordPress-logotype-alternative-1024x553.png","datePublished":"2024-11-17T16:31:48+00:00","dateModified":"2026-01-25T16:14:18+00:00","breadcrumb":{"@id":"https:\/\/amine.abied.fr\/#breadcrumb"},"inLanguage":"en-US","potentialAction":[{"@type":"ReadAction","target":["https:\/\/amine.abied.fr\/"]}]},{"@type":"ImageObject","inLanguage":"en-US","@id":"https:\/\/amine.abied.fr\/#primaryimage","url":"https:\/\/amine.abied.fr\/wp-content\/uploads\/2024\/11\/WordPress-logotype-alternative.png","contentUrl":"https:\/\/amine.abied.fr\/wp-content\/uploads\/2024\/11\/WordPress-logotype-alternative.png","width":2000,"height":1080},{"@type":"BreadcrumbList","@id":"https:\/\/amine.abied.fr\/#breadcrumb","itemListElement":[{"@type":"ListItem","position":1,"name":"Home","item":"https:\/\/amine.abied.fr\/"},{"@type":"ListItem","position":2,"name":"Home"}]},{"@type":"WebSite","@id":"https:\/\/amine.abied.fr\/#website","url":"https:\/\/amine.abied.fr\/","name":"Amine's website","description":"","publisher":{"@id":"https:\/\/amine.abied.fr\/#\/schema\/person\/08b3a764d17a96c093ccafc58068cfb1"},"potentialAction":[{"@type":"SearchAction","target":{"@type":"EntryPoint","urlTemplate":"https:\/\/amine.abied.fr\/?s={search_term_string}"},"query-input":{"@type":"PropertyValueSpecification","valueRequired":true,"valueName":"search_term_string"}}],"inLanguage":"en-US"},{"@type":["Person","Organization"],"@id":"https:\/\/amine.abied.fr\/#\/schema\/person\/08b3a764d17a96c093ccafc58068cfb1","name":"amine","image":{"@type":"ImageObject","inLanguage":"en-US","@id":"https:\/\/amine.abied.fr\/wp-content\/uploads\/2024\/10\/cropped-cropped-amine-logo-white.png","url":"https:\/\/amine.abied.fr\/wp-content\/uploads\/2024\/10\/cropped-cropped-amine-logo-white.png","contentUrl":"https:\/\/amine.abied.fr\/wp-content\/uploads\/2024\/10\/cropped-cropped-amine-logo-white.png","width":1203,"height":270,"caption":"amine"},"logo":{"@id":"https:\/\/amine.abied.fr\/wp-content\/uploads\/2024\/10\/cropped-cropped-amine-logo-white.png"},"sameAs":["https:\/\/amine.abied.fr"]}]}},"_links":{"self":[{"href":"https:\/\/amine.abied.fr\/index.php\/wp-json\/wp\/v2\/pages\/76","targetHints":{"allow":["GET"]}}],"collection":[{"href":"https:\/\/amine.abied.fr\/index.php\/wp-json\/wp\/v2\/pages"}],"about":[{"href":"https:\/\/amine.abied.fr\/index.php\/wp-json\/wp\/v2\/types\/page"}],"author":[{"embeddable":true,"href":"https:\/\/amine.abied.fr\/index.php\/wp-json\/wp\/v2\/users\/1"}],"replies":[{"embeddable":true,"href":"https:\/\/amine.abied.fr\/index.php\/wp-json\/wp\/v2\/comments?post=76"}],"version-history":[{"count":74,"href":"https:\/\/amine.abied.fr\/index.php\/wp-json\/wp\/v2\/pages\/76\/revisions"}],"predecessor-version":[{"id":307,"href":"https:\/\/amine.abied.fr\/index.php\/wp-json\/wp\/v2\/pages\/76\/revisions\/307"}],"wp:attachment":[{"href":"https:\/\/amine.abied.fr\/index.php\/wp-json\/wp\/v2\/media?parent=76"}],"curies":[{"name":"wp","href":"https:\/\/api.w.org\/{rel}","templated":true}]}}